{"id":413,"date":"2022-09-17T12:07:01","date_gmt":"2022-09-17T10:07:01","guid":{"rendered":"https:\/\/www.dr-ehrlich.de\/content\/?page_id=413"},"modified":"2024-10-21T09:22:08","modified_gmt":"2024-10-21T07:22:08","slug":"covid","status":"publish","type":"page","link":"https:\/\/www.dr-ehrlich.de\/content\/covid\/","title":{"rendered":"COVID"},"content":{"rendered":"\n<section id=\"gm334e3f7\" class=\"wp-block-gutentor-m4 section-gm334e3f7 gutentor-module gutentor-advanced-columns\"><div class=\"grid-container\"><div class=\"grid-row\">\n<div id=\"col-gma1b9aa\" class=\"wp-block-gutentor-m4-col col-gma1b9aa gutentor-single-column  grid-lg-12 grid-md-12 grid-12\"><div id=\"section-gma1b9aa\" class=\"section-gma1b9aa gutentor-col-wrap\">\n<div id=\"section-gc73377\" class=\"wp-block-gutentor-e1 section-gc73377 gutentor-element gutentor-element-advanced-text text-align-center-desktop\"><div class=\"gutentor-text-wrap\"><h2 class=\"gutentor-text\">IMPFUNG GEGEN SARS-COV-19&nbsp;<\/h2><\/div><\/div>\n\n\n\n<div id=\"section-g650a51\" class=\"wp-block-gutentor-e6 section-g650a51 gutentor-element gutentor-element-image\"><div class=\"gutentor-element-image-box\"><div class=\"gutentor-image-thumb\"><img decoding=\"async\" class=\"normal-image\" src=\"https:\/\/www.dr-ehrlich.de\/content\/wp-content\/uploads\/2022\/10\/vaccination-5884513_1920-1024x760.jpg\" \/><\/div><\/div><\/div>\n\n\n\n<div id=\"section-g668cd4\" class=\"wp-block-gutentor-e1 section-g668cd4 gutentor-element gutentor-element-advanced-text\"><div class=\"gutentor-text-wrap\"><p class=\"gutentor-text\">Ab vorr. 02. Oktober\u00a0k\u00f6nnen Sie sich bei uns mit dem\u00a0an die Omikron-Variante <strong>XBB.1.5 angepassten COVID-19-Impfstoff Comirnaty JN.1 von BioNTech\/Pfize<\/strong><strong>r <\/strong>impfen lassen.<br>Der Impfstoff ist zugelassen f\u00fcr Personen ab 12 Jahren zur Grundimmunisierung und Auffrischimpfung.<br>Bitte buchen Sie Ihren Termin online und bringen Ihren Impfausweis sowie die Einwilligungserkl\u00e4rung (s. PDF Download unten) mit!<br><br><strong>Aktuelle STIKO &#8211; Empfehlung zur Covid \u2013 19 Impfung<\/strong><br>(Quelle: KBV 25.07.2024 gem. Epid Bull 04\/2023)<br>\u00a0<br>Die St\u00e4ndige Impfkommission hat die COVID-19-Impfung in die aktuellen allgemeinen Impfempfehlungen aufgenommen. Danach wird allen Personen ab 18 Jahren eine Basisimmunit\u00e4t empfohlen, die aus drei Antigenkontakten besteht. Zudem werden f\u00fcr Risikogruppen weitere Auffrischimpfungen empfohlen. F\u00fcr gesunde Kinder und Jugendliche unter 18 Jahren gibt es keine Impfempfehlung mehr.<br><br><strong>Basisimmunit\u00e4t aus drei Antigenkontakten empfohlen<\/strong><br>Personen ohne Grunderkrankungen zwischen 18 und 59 Jahren (inklusive Schwangeren) empfiehlt die STIKO eine Grundimmunisierung aus mindestens zwei Impfungen und einem weiteren Antigenkontakt (Impfung oder Infektion), um eine Basisimmunit\u00e4t aufzubauen.<br><br>Dabei sollte zwischen der ersten und zweiten Impfstoffdosis ein Mindestabstand von drei Wochen (entsprechend der Fachinformation des jeweils verwendeten Impfstoffs) liegen, zwischen der zweiten und dritten Impfstoffdosis von sechs Monaten.<br><br>Eine Infektion sollte in der Regel nur dann als ein Ereignis f\u00fcr die drei Antigenkontakte gewertet werden, wenn der Abstand zur vorangegangenen Impfung mindestens drei Monate betr\u00e4gt, so die STIKO. Umgekehrt sollte nach einer Infektion eine Grundimmunisierung fr\u00fchestens drei Monate sp\u00e4ter vervollst\u00e4ndigt werden.<br><br><strong>J\u00e4hrliche Auffrischimpfung f\u00fcr Risikogruppen<\/strong><br>Personen mit einem erh\u00f6hten Risiko f\u00fcr einen schweren Krankheitsverlauf sollen laut Empfehlung der STIKO einen j\u00e4hrlichen Booster erhalten. Dazu geh\u00f6ren ab 60-J\u00e4hrige sowie Personen ab sechs Monaten mit relevanten Grunderkrankungen. Auch Bewohner von Pflegeeinrichtungen sowie medizinisches und pflegerisches Personal mit direktem Patienten- oder Bewohnerkontakt sollten sich j\u00e4hrlich impfen lassen.<br><br>F\u00fcr Familienangeh\u00f6rige und enge Kontaktpersonen von Patienten unter immunsuppressiver Therapie, die durch eine COVID-19-Impfung selbst nicht sicher gesch\u00fctzt werden k\u00f6nnen, sind Booster ebenfalls empfohlen.<br><br>Die Auffrischimpfungen sollen nach Angaben der STIKO mit Varianten-adaptierten Impfstoffen und in der Regel in einem Mindestabstand von jeweils zw\u00f6lf Monaten zur letzten Impfung oder Infektion erfolgen. Hierbei ist zu beachten, dass f\u00fcr Kinder im Alter von 6 Monaten bis 4 Jahren noch kein Impfstoff zur Auffrischimpfung zugelassen ist. Es soll vorzugsweise im Herbst geimpft werden, sofern die letzte bekannte Antigenexposition bereits mindestens zw\u00f6lf Monate zur\u00fcckliegt.<br><br>Eine gleichzeitige Impfung gegen saisonale Influenza und Pneumokokken ist m\u00f6glich, wenn entsprechende Indikationen vorliegen.<br><br><strong>Keine Impfempfehlung f\u00fcr gesunde Kinder<\/strong><br>Gesunden S\u00e4uglingen, Kindern und Jugendlichen unter 18 Jahren wird aufgrund der inzwischen \u00fcberwiegend milden Verl\u00e4ufe derzeit keine COVID-19-Impfung (Grundimmunisierung oder Auffrischimpfung) empfohlen.<br><br>Wir verwenden die aktuell angepassten Impfstoffe von BioNTech\/Pfizer (Comirnaty original\/Omicron BA.1 u. BA.4-5). Die Verf\u00fcgbarkeit ist abh\u00e4ngig von der durch das BGM regulierten Abgabe an die niedergelassenen Arztpraxen.<br><br><strong>Gerne k\u00f6nnen Sie bei Verf\u00fcgbarkeit einen Impftermin \u00fcber unsere Website online buchen:<\/strong><\/p><\/div><\/div>\n\n\n\n<div id=\"section-gadd47b\" class=\"wp-block-gutentor-e2 section-gadd47b gutentor-element gutentor-element-button\"><span class=\"gutentor-button-wrap\"><a class=\"gutentor-button gutentor-block-button gutentor-icon-hide\" href=\"https:\/\/www.doctolib.de\/praxis\/frankfurt-am-main\/praxis-dr-ehrlich\" target=\"_blank\" rel=\"noopener noreferrer\"><i class=\"gutentor-button-icon fas fa-book\"><\/i><span>IMPFTERMIN BUCHEN<\/span><\/a><\/span><\/div>\n\n\n\n<div id=\"section-ge43d43\" class=\"wp-block-gutentor-e1 section-ge43d43 gutentor-element gutentor-element-advanced-text\"><div class=\"gutentor-text-wrap\"><p class=\"gutentor-text\"><strong>DOWNLOAD<\/strong><br><a href=\"https:\/\/www.dr-ehrlich.de\/content\/wp-content\/uploads\/2023\/09\/Einwilligung-de-2023-1.pdf\" target=\"_blank\" rel=\"noreferrer noopener\"><mark style=\"color:#13b427\" class=\"has-inline-color\">Einwilligungserkl\u00e4rung Schutzimpfung mRNA Impfstoffe<\/mark><\/a> (pdf)<br><a rel=\"noreferrer noopener\" href=\"https:\/\/www.dr-ehrlich.de\/content\/wp-content\/uploads\/2023\/09\/Aufklaerungsbogen-de.pdf\" target=\"_blank\"><mark style=\"color:#13b427\" class=\"has-inline-color\">Aufkl\u00e4rungsbogen<\/mark><\/a> (pdf)<\/p><\/div><\/div>\n<\/div><\/div>\n<\/div><\/div><\/section>\n","protected":false},"excerpt":{"rendered":"","protected":false},"author":1,"featured_media":0,"parent":0,"menu_order":0,"comment_status":"closed","ping_status":"closed","template":"template-gutentor-full-width.php","meta":{"footnotes":""},"class_list":["post-413","page","type-page","status-publish","hentry"],"_links":{"self":[{"href":"https:\/\/www.dr-ehrlich.de\/content\/wp-json\/wp\/v2\/pages\/413","targetHints":{"allow":["GET"]}}],"collection":[{"href":"https:\/\/www.dr-ehrlich.de\/content\/wp-json\/wp\/v2\/pages"}],"about":[{"href":"https:\/\/www.dr-ehrlich.de\/content\/wp-json\/wp\/v2\/types\/page"}],"author":[{"embeddable":true,"href":"https:\/\/www.dr-ehrlich.de\/content\/wp-json\/wp\/v2\/users\/1"}],"replies":[{"embeddable":true,"href":"https:\/\/www.dr-ehrlich.de\/content\/wp-json\/wp\/v2\/comments?post=413"}],"version-history":[{"count":40,"href":"https:\/\/www.dr-ehrlich.de\/content\/wp-json\/wp\/v2\/pages\/413\/revisions"}],"predecessor-version":[{"id":999,"href":"https:\/\/www.dr-ehrlich.de\/content\/wp-json\/wp\/v2\/pages\/413\/revisions\/999"}],"wp:attachment":[{"href":"https:\/\/www.dr-ehrlich.de\/content\/wp-json\/wp\/v2\/media?parent=413"}],"curies":[{"name":"wp","href":"https:\/\/api.w.org\/{rel}","templated":true}]}}