{"id":350,"date":"2022-09-12T13:53:32","date_gmt":"2022-09-12T11:53:32","guid":{"rendered":"https:\/\/www.dr-ehrlich.de\/content\/?page_id=350"},"modified":"2022-09-20T17:21:19","modified_gmt":"2022-09-20T15:21:19","slug":"akademische-lehrpraxis","status":"publish","type":"page","link":"https:\/\/www.dr-ehrlich.de\/content\/akademische-lehrpraxis\/","title":{"rendered":"AKADEMISCHE LEHRPRAXIS"},"content":{"rendered":"\n<section id=\"gm9959ce5\" class=\"wp-block-gutentor-m4 section-gm9959ce5 gutentor-module gutentor-advanced-columns\"><div class=\"grid-container\"><div class=\"grid-row\">\n<div id=\"col-gm7f06de\" class=\"wp-block-gutentor-m4-col col-gm7f06de gutentor-single-column  grid-lg-12 grid-md-12 grid-12\"><div id=\"section-gm7f06de\" class=\"section-gm7f06de gutentor-col-wrap\">\n<div id=\"section-gd01af9\" class=\"wp-block-gutentor-e1 section-gd01af9 gutentor-element gutentor-element-advanced-text text-align-center-desktop\"><div class=\"gutentor-text-wrap\"><h2 class=\"gutentor-text\">AKADEMISCHE LEHRPRAXIS<\/h2><\/div><\/div>\n\n\n\n<div id=\"section-gbe7b9b\" class=\"wp-block-gutentor-e6 section-gbe7b9b gutentor-element gutentor-element-image text-align-center-desktop\"><div class=\"gutentor-element-image-box\"><div class=\"gutentor-image-thumb\"><img decoding=\"async\" class=\"normal-image\" src=\"https:\/\/www.dr-ehrlich.de\/content\/wp-content\/uploads\/2022\/09\/10-2.jpg\" \/><\/div><\/div><\/div>\n\n\n\n<div id=\"section-g509b06\" class=\"wp-block-gutentor-e1 section-g509b06 gutentor-element gutentor-element-advanced-text text-align-center-desktop\"><div class=\"gutentor-text-wrap\"><p class=\"gutentor-text\">In unserer Praxis werden regelm\u00e4\u00dfig Medizinstudentinnen und Studenten \u00e4rztlich ausgebildet. Unter Supervision lernen die angehenden \u00c4rzte die Erhebung der Krankengeschichte (Anamnese), die k\u00f6rperliche Untersuchung und apparative Methoden (EKG, Lungenfunktion und Ultraschall) anzuwenden und selbst\u00e4ndig durchzuf\u00fchren. Die Vermittlung von medizinischem Wissen und pers\u00f6nlichen Erfahrung ist uns im Umgang mit den Berufsanf\u00e4ngern ein besonderes Anliegen, ebenso das Interesse und die Freude am Dasein des Hausarztes zu wecken.<\/p><\/div><\/div>\n<\/div><\/div>\n<\/div><\/div><\/section>\n","protected":false},"excerpt":{"rendered":"","protected":false},"author":1,"featured_media":0,"parent":0,"menu_order":0,"comment_status":"closed","ping_status":"closed","template":"template-gutentor-full-width.php","meta":{"footnotes":""},"class_list":["post-350","page","type-page","status-publish","hentry"],"_links":{"self":[{"href":"https:\/\/www.dr-ehrlich.de\/content\/wp-json\/wp\/v2\/pages\/350","targetHints":{"allow":["GET"]}}],"collection":[{"href":"https:\/\/www.dr-ehrlich.de\/content\/wp-json\/wp\/v2\/pages"}],"about":[{"href":"https:\/\/www.dr-ehrlich.de\/content\/wp-json\/wp\/v2\/types\/page"}],"author":[{"embeddable":true,"href":"https:\/\/www.dr-ehrlich.de\/content\/wp-json\/wp\/v2\/users\/1"}],"replies":[{"embeddable":true,"href":"https:\/\/www.dr-ehrlich.de\/content\/wp-json\/wp\/v2\/comments?post=350"}],"version-history":[{"count":3,"href":"https:\/\/www.dr-ehrlich.de\/content\/wp-json\/wp\/v2\/pages\/350\/revisions"}],"predecessor-version":[{"id":544,"href":"https:\/\/www.dr-ehrlich.de\/content\/wp-json\/wp\/v2\/pages\/350\/revisions\/544"}],"wp:attachment":[{"href":"https:\/\/www.dr-ehrlich.de\/content\/wp-json\/wp\/v2\/media?parent=350"}],"curies":[{"name":"wp","href":"https:\/\/api.w.org\/{rel}","templated":true}]}}