{"id":331,"date":"2022-09-11T15:36:50","date_gmt":"2022-09-11T13:36:50","guid":{"rendered":"https:\/\/www.dr-ehrlich.de\/content\/?page_id=331"},"modified":"2022-09-11T15:37:25","modified_gmt":"2022-09-11T13:37:25","slug":"impressum","status":"publish","type":"page","link":"https:\/\/www.dr-ehrlich.de\/content\/impressum\/","title":{"rendered":"IMPRESSUM"},"content":{"rendered":"\n<section id=\"gm3e44596\" class=\"wp-block-gutentor-m4 section-gm3e44596 gutentor-module gutentor-advanced-columns\"><div class=\"grid-container\"><div class=\"grid-row\">\n<div id=\"col-gme05188\" class=\"wp-block-gutentor-m4-col col-gme05188 gutentor-single-column  grid-lg-12 grid-md-12 grid-12\"><div id=\"section-gme05188\" class=\"section-gme05188 gutentor-col-wrap\">\n<div id=\"section-gc7b789\" class=\"wp-block-gutentor-e1 section-gc7b789 gutentor-element gutentor-element-advanced-text\"><div class=\"gutentor-text-wrap\"><p class=\"gutentor-text\"><strong>Angaben gem\u00e4\u00df \u00a7 5 TMG<\/strong><br><br>Dr. med. Kerstin Ehrlich<br>Gutzkowstra\u00dfe 9<br>60594 Frankfurt am Main<br><br><strong>KONTAKT<\/strong><br>Telefon: +49 (0)69 \/69 59 59 74<br>Telefax: +49 (0)69 \/69 59 59 75<br>E-Mail: info@dr-ehrlich.de<br><br><strong>Aufsichtsbeh\u00f6rde<\/strong><br>Kassen\u00e4rztliche Vereinigung Hessen, Europa Allee 90, 60486 Frankfurt am Main, Telefon: +49 (0)69 &#8211; 24741-7777, <a rel=\"noreferrer noopener\" href=\"http:\/\/www.kvhessen.de\/\" target=\"_blank\">http:\/\/www.kvhessen.de<\/a><br><br><strong>Berufsbezeichnung und berufsrechtliche Regelungen<\/strong><br>Berufsbezeichnung: Arzt<br>Zust\u00e4ndige Kammer: Landes\u00e4rztekammer Hessen<br>Verliehen in: Bundesrepublik Deutschland<br>Es gelten folgende berufsrechtliche Regelungen: Die berufsrechtlichen Regelungen sind \u00fcber die Internetseite der Landes\u00e4rztekammer Hessen zug\u00e4nglich.<br>einsehbar unter:&nbsp;<a rel=\"noreferrer noopener\" href=\"http:\/\/www.laekh.de\/\" target=\"_blank\">http:\/\/www.laekh.de<\/a><br><br>Verbraucher\u00adstreit\u00adbeilegung\/Universal\u00adschlichtungs\u00adstelle<br><br>Wir sind nicht bereit oder verpflichtet, an Streitbeilegungsverfahren vor einer Verbraucherschlichtungsstelle teilzunehmen.<\/p><\/div><\/div>\n<\/div><\/div>\n<\/div><\/div><\/section>\n","protected":false},"excerpt":{"rendered":"","protected":false},"author":1,"featured_media":0,"parent":0,"menu_order":0,"comment_status":"closed","ping_status":"closed","template":"template-gutentor-full-width.php","meta":{"footnotes":""},"class_list":["post-331","page","type-page","status-publish","hentry"],"_links":{"self":[{"href":"https:\/\/www.dr-ehrlich.de\/content\/wp-json\/wp\/v2\/pages\/331","targetHints":{"allow":["GET"]}}],"collection":[{"href":"https:\/\/www.dr-ehrlich.de\/content\/wp-json\/wp\/v2\/pages"}],"about":[{"href":"https:\/\/www.dr-ehrlich.de\/content\/wp-json\/wp\/v2\/types\/page"}],"author":[{"embeddable":true,"href":"https:\/\/www.dr-ehrlich.de\/content\/wp-json\/wp\/v2\/users\/1"}],"replies":[{"embeddable":true,"href":"https:\/\/www.dr-ehrlich.de\/content\/wp-json\/wp\/v2\/comments?post=331"}],"version-history":[{"count":3,"href":"https:\/\/www.dr-ehrlich.de\/content\/wp-json\/wp\/v2\/pages\/331\/revisions"}],"predecessor-version":[{"id":334,"href":"https:\/\/www.dr-ehrlich.de\/content\/wp-json\/wp\/v2\/pages\/331\/revisions\/334"}],"wp:attachment":[{"href":"https:\/\/www.dr-ehrlich.de\/content\/wp-json\/wp\/v2\/media?parent=331"}],"curies":[{"name":"wp","href":"https:\/\/api.w.org\/{rel}","templated":true}]}}