{"id":257,"date":"2022-09-09T11:03:42","date_gmt":"2022-09-09T09:03:42","guid":{"rendered":"https:\/\/www.dr-ehrlich.de\/content\/?page_id=257"},"modified":"2022-09-20T10:13:20","modified_gmt":"2022-09-20T08:13:20","slug":"praevention-check-up","status":"publish","type":"page","link":"https:\/\/www.dr-ehrlich.de\/content\/praevention-check-up\/","title":{"rendered":"PR\u00c4VENTION\/CHECK-UP"},"content":{"rendered":"\n<section id=\"section-60d96b24-b9fd-4c6e-969d-c0b91ff6cb0d\" class=\"wp-block-gutentor-image-slider gutentor-section gutentor-image-slider imageSlider-template1\"><div class=\"gutentor-grid-item-wrap\"><div class=\"gutentor-slider-wrapper\" data-dots=\"false\" data-arrows=\"true\" data-infinite=\"false\" data-nextarrow=\"fas fa-angle-right\" data-prevarrow=\"fas fa-angle-left\" data-autoplay=\"true\" data-autoplayspeed=\"500\" data-fade=\"false\" data-speed=\"300\"><div class=\"gutentor-slider-item\"><div class=\"gutentor-single-item gutentor-single-item-0\"><div class=\"gutentor-single-item-wrap\"><div class=\"gutentor-single-item-image-box\"><div class=\"gutentor-bg-image\"><div class=\"overlay\"><\/div><\/div><\/div><div class=\"gutentor-single-item-content\"><div class=\"grid-container\"><div class=\"slider-caption text-center\"><h1 class=\"gutentor-single-item-title\">PR\u00c4VENTION\/CHECK-UP<\/h1><p class=\"gutentor-single-item-desc\"><\/p><\/div><\/div><\/div><\/div><\/div><\/div><\/div><\/div><\/section>\n\n\n\n<section id=\"gm15882a7\" class=\"wp-block-gutentor-m4 section-gm15882a7 gutentor-module gutentor-advanced-columns\"><div class=\"grid-container\"><div class=\"grid-row\">\n<div id=\"col-gm1661ce\" class=\"wp-block-gutentor-m4-col col-gm1661ce gutentor-single-column  grid-lg-12 grid-md-12 grid-12\"><div id=\"section-gm1661ce\" class=\"section-gm1661ce gutentor-col-wrap\">\n<div id=\"section-gffb1dc\" class=\"wp-block-gutentor-e1 section-gffb1dc gutentor-element gutentor-element-advanced-text\"><div class=\"gutentor-text-wrap\"><p class=\"gutentor-text\">Vorsorge ist ein Schwerpunkt der haus\u00e4rztlichen T\u00e4tigkeit. Gesundheit zu erhalten und Erkrankungen im Fr\u00fchstadium zu erkennen ist wesentlich wirkungsvoller und deutlich weniger belastend als die Therapie fortgeschrittener Krankheitsstadien. Gerne bieten wir Ihnen einen umfassenden Check an.<\/p><\/div><\/div>\n\n\n\n<div id=\"section-g832c65\" class=\"wp-block-gutentor-e1 section-g832c65 gutentor-element gutentor-element-advanced-text\"><div class=\"gutentor-text-wrap\"><p class=\"gutentor-text\">Diese umfassenden Vorsorge-Untersuchungen gehen weit \u00fcber das vorgegebene Leistungspektrum der gesetzlichen Krankenkassen hinaus, so dass diese Leistungen als Selbstzahlung nach GO\u00c4 (Geb\u00fchrenordnung der \u00c4rzte) berechnet werden. Private Krankenversicherungen erstatten diese in der Regel.<\/p><\/div><\/div>\n\n\n\n<div id=\"section-g129722\" class=\"wp-block-gutentor-e7 section-g129722 gutentor-element gutentor-element-list\"><ul class=\"grid-row gutentor-grid-item-wrap list-indicator-icon\"><li class=\"gutentor-list-item grid-lg-12 grid-md-12 grid-12\"><span class=\"gutentor-single-item gutentor-single-item-0\"><span class=\"gutentor-list-item-wrap g-s-list-wrap\"><span class=\"gutentor-single-list-item-icon\"><i class=\"list-item-icon fas fa-check\"><\/i><\/span><span class=\"gutentor-list-item\"><p class=\"gutentor-single-item-title\">Ausf\u00fchrliche \u00e4rztliche Untersuchung &amp; Beratung<\/p><\/span><\/span><\/span><\/li><li class=\"gutentor-list-item grid-lg-12 grid-md-12 grid-12\"><span class=\"gutentor-single-item gutentor-single-item-1\"><span class=\"gutentor-list-item-wrap g-s-list-wrap\"><span class=\"gutentor-single-list-item-icon\"><i class=\"list-item-icon fas fa-check\"><\/i><\/span><span class=\"gutentor-list-item\"><p class=\"gutentor-single-item-title\">Ruhe- und Belastungs \u2013 EKG<\/p><\/span><\/span><\/span><\/li><li class=\"gutentor-list-item grid-lg-12 grid-md-12 grid-12\"><span class=\"gutentor-single-item gutentor-single-item-2\"><span class=\"gutentor-list-item-wrap g-s-list-wrap\"><span class=\"gutentor-single-list-item-icon\"><i class=\"list-item-icon fas fa-check\"><\/i><\/span><span class=\"gutentor-list-item\"><p class=\"gutentor-single-item-title\">Ultraschall der Bauchorgane<\/p><\/span><\/span><\/span><\/li><li class=\"gutentor-list-item grid-lg-12 grid-md-12 grid-12\"><span class=\"gutentor-single-item gutentor-single-item-3\"><span class=\"gutentor-list-item-wrap g-s-list-wrap\"><span class=\"gutentor-single-list-item-icon\"><i class=\"list-item-icon fas fa-check\"><\/i><\/span><span class=\"gutentor-list-item\"><p class=\"gutentor-single-item-title\">Ultraschall der Schilddr\u00fcse<\/p><\/span><\/span><\/span><\/li><li class=\"gutentor-list-item grid-lg-12 grid-md-12 grid-12\"><span class=\"gutentor-single-item gutentor-single-item-4\"><span class=\"gutentor-list-item-wrap g-s-list-wrap\"><span class=\"gutentor-single-list-item-icon\"><i class=\"list-item-icon fas fa-check\"><\/i><\/span><span class=\"gutentor-list-item\"><p class=\"gutentor-single-item-title\">Ultraschall der hirnversorgenden Gef\u00e4\u00dfe<\/p><\/span><\/span><\/span><\/li><li class=\"gutentor-list-item grid-lg-12 grid-md-12 grid-12\"><span class=\"gutentor-single-item gutentor-single-item-5\"><span class=\"gutentor-list-item-wrap g-s-list-wrap\"><span class=\"gutentor-single-list-item-icon\"><i class=\"list-item-icon fas fa-check\"><\/i><\/span><span class=\"gutentor-list-item\"><p class=\"gutentor-single-item-title\">Lungenfunktionspr\u00fcfung<\/p><\/span><\/span><\/span><\/li><li class=\"gutentor-list-item grid-lg-12 grid-md-12 grid-12\"><span class=\"gutentor-single-item gutentor-single-item-6\"><span class=\"gutentor-list-item-wrap g-s-list-wrap\"><span class=\"gutentor-single-list-item-icon\"><i class=\"list-item-icon fas fa-check\"><\/i><\/span><span class=\"gutentor-list-item\"><p class=\"gutentor-single-item-title\">Umfangreiche Labordiagnostik<\/p><\/span><\/span><\/span><\/li><\/ul><\/div>\n<\/div><\/div>\n<\/div><\/div><\/section>\n","protected":false},"excerpt":{"rendered":"","protected":false},"author":1,"featured_media":0,"parent":0,"menu_order":0,"comment_status":"closed","ping_status":"closed","template":"template-gutentor-full-width.php","meta":{"footnotes":""},"class_list":["post-257","page","type-page","status-publish","hentry"],"_links":{"self":[{"href":"https:\/\/www.dr-ehrlich.de\/content\/wp-json\/wp\/v2\/pages\/257","targetHints":{"allow":["GET"]}}],"collection":[{"href":"https:\/\/www.dr-ehrlich.de\/content\/wp-json\/wp\/v2\/pages"}],"about":[{"href":"https:\/\/www.dr-ehrlich.de\/content\/wp-json\/wp\/v2\/types\/page"}],"author":[{"embeddable":true,"href":"https:\/\/www.dr-ehrlich.de\/content\/wp-json\/wp\/v2\/users\/1"}],"replies":[{"embeddable":true,"href":"https:\/\/www.dr-ehrlich.de\/content\/wp-json\/wp\/v2\/comments?post=257"}],"version-history":[{"count":13,"href":"https:\/\/www.dr-ehrlich.de\/content\/wp-json\/wp\/v2\/pages\/257\/revisions"}],"predecessor-version":[{"id":518,"href":"https:\/\/www.dr-ehrlich.de\/content\/wp-json\/wp\/v2\/pages\/257\/revisions\/518"}],"wp:attachment":[{"href":"https:\/\/www.dr-ehrlich.de\/content\/wp-json\/wp\/v2\/media?parent=257"}],"curies":[{"name":"wp","href":"https:\/\/api.w.org\/{rel}","templated":true}]}}