{"id":1161,"date":"2025-02-04T14:33:57","date_gmt":"2025-02-04T13:33:57","guid":{"rendered":"https:\/\/www.dr-ehrlich.de\/content\/?page_id=1161"},"modified":"2025-02-11T10:30:36","modified_gmt":"2025-02-11T09:30:36","slug":"medizinische-fachangestellte-gesundheits-und-krankenpflegerin","status":"publish","type":"page","link":"https:\/\/www.dr-ehrlich.de\/content\/medizinische-fachangestellte-gesundheits-und-krankenpflegerin\/","title":{"rendered":"Medizinische Fachangestellte\/ Gesundheits- und Krankenpfleger(in)"},"content":{"rendered":"\n<section id=\"gmba15ada\" class=\"wp-block-gutentor-m4 section-gmba15ada gutentor-module gutentor-advanced-columns has-color-bg has-custom-bg\"><div class=\"grid-container\"><div class=\"grid-row\">\n<div id=\"col-gme66d4b\" class=\"wp-block-gutentor-m4-col col-gme66d4b gutentor-single-column  grid-lg-12 grid-md-12 grid-12\"><div id=\"section-gme66d4b\" class=\"section-gme66d4b gutentor-col-wrap\">\n<div id=\"section-g8d0b9e\" class=\"wp-block-gutentor-e1 section-g8d0b9e gutentor-element gutentor-element-advanced-text text-align-center-desktop\"><div class=\"gutentor-text-wrap\"><h2 class=\"gutentor-text\">KARRIERE \/ JOBS<\/h2><\/div><\/div>\n\n\n\n<div id=\"section-g-rgwgbgr\" class=\"wp-block-gutentor-e6 section-g-rgwgbgr gutentor-element gutentor-element-image text-align-center-desktop\"><div class=\"gutentor-element-image-box\"><div class=\"gutentor-image-thumb\"><img decoding=\"async\" class=\"normal-image\" src=\"https:\/\/www.dr-ehrlich.de\/content\/wp-content\/uploads\/2025\/01\/note-jobs2-1.png\" \/><\/div><\/div><\/div>\n\n\n\n<div id=\"section-g-nrztr6n\" class=\"wp-block-gutentor-e1 section-g-nrztr6n gutentor-element gutentor-element-advanced-text text-align-center-desktop\"><div class=\"gutentor-text-wrap\"><h3 class=\"gutentor-text\">Medizinische Fachangestellte\/ Gesundheits- und Krankenpfleger(in)<\/h3><\/div><\/div>\n\n\n\n<div id=\"section-g-3wutgw0\" class=\"wp-block-gutentor-e1 section-g-3wutgw0 gutentor-element gutentor-element-advanced-text text-align-center-desktop\"><div class=\"gutentor-text-wrap\"><h4 class=\"gutentor-text\">Wir suchen<\/h4><\/div><\/div>\n\n\n\n<div id=\"section-g-1s55jfo\" class=\"wp-block-gutentor-e1 section-g-1s55jfo gutentor-element gutentor-element-advanced-text text-align-center-desktop\"><div class=\"gutentor-text-wrap\"><p class=\"gutentor-text\">f\u00fcr unsere junge allgemeinmedizinische Praxis in Frankfurt Sachsenhausen eine\/n freundliche(n), zuverl\u00e4ssige(n) und engagierte(n) MFA (w\/m\/d) oder Gesundheits- und Krankenpfleger*in mit Spa\u00df am Umgang mit Patienten und Interesse an der Medizin. Wir sind ein junges, sehr nettes und offenes Team in einer sch\u00f6nen Praxis (N\u00e4he S\u00fcdbahnhof) mit jungem Patientengut, hohem Privatanteil und modernster EDV Ausstattung.<\/p><\/div><\/div>\n\n\n\n<div id=\"section-g-c535jyf\" class=\"wp-block-gutentor-e1 section-g-c535jyf gutentor-element gutentor-element-advanced-text text-align-center-desktop\"><div class=\"gutentor-text-wrap\"><h4 class=\"gutentor-text\">Wir bieten<\/h4><\/div><\/div>\n\n\n\n<div id=\"section-g-zpysau6\" class=\"wp-block-gutentor-e1 section-g-zpysau6 gutentor-element gutentor-element-advanced-text text-align-center-desktop\"><div class=\"gutentor-text-wrap\"><p class=\"gutentor-text\">eine sehr gut strukturierte und vielseitige T\u00e4tigkeit in allen Bereichen einer allgemeinmedizinischen Praxis (Anmeldung, Labor, apparative Untersuchungen, Patientenbetreuung, Abrechnung, Praxisorganisation). Als engagiertes Hausarzt-Team ist uns eine exzellent strukturierte Praxisorganisation und ein serviceorientierter freundlicher Patientenkontakt wichtig. Wir bieten eine regelm\u00e4\u00dfige Arbeitszeit ohne \u00dcberstunden, Jobticket sowie ein leistungsbezogenes 13. Monatsgehalt.<\/p><\/div><\/div>\n\n\n\n<div id=\"section-g-sz125nb\" class=\"wp-block-gutentor-e1 section-g-sz125nb gutentor-element gutentor-element-advanced-text text-align-center-desktop\"><div class=\"gutentor-text-wrap\"><h4 class=\"gutentor-text\">Wir w\u00fcnschen<\/h4><\/div><\/div>\n\n\n\n<div id=\"section-g-ia72ivm\" class=\"wp-block-gutentor-e1 section-g-ia72ivm gutentor-element gutentor-element-advanced-text text-align-center-desktop\"><div class=\"gutentor-text-wrap\"><p class=\"gutentor-text\">uns eine freundliche, gepflegte und teamf\u00e4hige Pers\u00f6nlichkeit mit \u00fcberdurchschnittlicher Auffassungsgabe und Ehrgeiz, Deutsch flie\u00dfend in Wort und Schrift sowie mindestens mittlere Zeugnisabschl\u00fcsse. Englischkenntnisse sind willkommen.<br><br><strong>Bewerbungen bitte vollst\u00e4ndig schriftlich oder per Email als PDF an:<\/strong><br>Dr. med. Kerstin Ehrlich<br>Praxis Dr. Ehrlich<br>Gutzkowstr. 9, 60594 Frankfurt<br><a href=\"mailto:info@dr-ehrlich.de\">info@dr-ehrlich.de<\/a><\/p><\/div><\/div>\n<\/div><\/div>\n<\/div><\/div><\/section>\n","protected":false},"excerpt":{"rendered":"","protected":false},"author":1,"featured_media":0,"parent":0,"menu_order":0,"comment_status":"closed","ping_status":"closed","template":"template-gutentor-full-width.php","meta":{"footnotes":""},"class_list":["post-1161","page","type-page","status-publish","hentry"],"_links":{"self":[{"href":"https:\/\/www.dr-ehrlich.de\/content\/wp-json\/wp\/v2\/pages\/1161","targetHints":{"allow":["GET"]}}],"collection":[{"href":"https:\/\/www.dr-ehrlich.de\/content\/wp-json\/wp\/v2\/pages"}],"about":[{"href":"https:\/\/www.dr-ehrlich.de\/content\/wp-json\/wp\/v2\/types\/page"}],"author":[{"embeddable":true,"href":"https:\/\/www.dr-ehrlich.de\/content\/wp-json\/wp\/v2\/users\/1"}],"replies":[{"embeddable":true,"href":"https:\/\/www.dr-ehrlich.de\/content\/wp-json\/wp\/v2\/comments?post=1161"}],"version-history":[{"count":5,"href":"https:\/\/www.dr-ehrlich.de\/content\/wp-json\/wp\/v2\/pages\/1161\/revisions"}],"predecessor-version":[{"id":1192,"href":"https:\/\/www.dr-ehrlich.de\/content\/wp-json\/wp\/v2\/pages\/1161\/revisions\/1192"}],"wp:attachment":[{"href":"https:\/\/www.dr-ehrlich.de\/content\/wp-json\/wp\/v2\/media?parent=1161"}],"curies":[{"name":"wp","href":"https:\/\/api.w.org\/{rel}","templated":true}]}}